{"id":8,"date":"2023-06-11T16:51:24","date_gmt":"2023-06-11T14:51:24","guid":{"rendered":"https:\/\/www.danza-urbana.de\/traces\/?page_id=8"},"modified":"2023-07-12T14:43:01","modified_gmt":"2023-07-12T12:43:01","slug":"traces","status":"publish","type":"page","link":"https:\/\/www.danza-urbana.de\/traces\/","title":{"rendered":"traces"},"content":{"rendered":"<p>[et_pb_section fb_built=&#8220;1&#8243; fullwidth=&#8220;on&#8220; admin_label=&#8220;Responsive Slider&#8220; _builder_version=&#8220;4.16&#8243; _module_preset=&#8220;default&#8220; custom_margin=&#8220;0px||0px||false|false&#8220; collapsed=&#8220;off&#8220; global_colors_info=&#8220;{}&#8220;][et_pb_fullwidth_slider _builder_version=&#8220;4.21.0&#8243; _module_preset=&#8220;default&#8220; header_font=&#8220;||||||||&#8220; header_font_size=&#8220;47px&#8220; header_line_height=&#8220;1.3em&#8220; background_enable_image=&#8220;off&#8220; custom_button=&#8220;on&#8220; button_text_size=&#8220;16px&#8220; button_text_color=&#8220;#727C35&#8243; button_bg_color=&#8220;#ffffff&#8220; button_border_width=&#8220;0px&#8220; button_border_radius=&#8220;0px&#8220; button_letter_spacing=&#8220;2px&#8220; button_font=&#8220;Object Bold Oblique|||on|||||&#8220; button_use_icon=&#8220;off&#8220; button_alignment=&#8220;center&#8220; button_custom_margin=&#8220;||||false|false&#8220; button_custom_padding=&#8220;5px|40px|5px|40px|false|false&#8220; content_max_width_phone=&#8220;46%&#8220; content_max_width_last_edited=&#8220;off|phone&#8220; height_last_edited=&#8220;off|phone&#8220; custom_margin=&#8220;||0px||false|false&#8220; custom_margin_last_edited=&#8220;off|desktop&#8220; custom_padding=&#8220;0px||||false|false&#8220; custom_padding_last_edited=&#8220;off|desktop&#8220; auto=&#8220;on&#8220; auto_speed=&#8220;5000&#8243; custom_css_main_element=&#8220;height:100vh;||width: 100% !important;||display:flex;||flex-direction: column;||align-items:center;||justify-content:center;&#8220; global_colors_info=&#8220;{}&#8220; button_bg_color__hover_enabled=&#8220;on|hover&#8220; button_bg_color__hover=&#8220;#000000&#8243; button_bg_enable_color__hover=&#8220;on&#8220; button_border_color__hover_enabled=&#8220;on|hover&#8220; button_border_color__hover=&#8220;rgba(255,255,255,0.52)&#8220; button_text_color__hover=&#8220;#ffffff&#8220; button_text_color__hover_enabled=&#8220;on|desktop&#8220;][et_pb_slide heading=&#8220;Traces&#8220; button_link=&#8220;@ET-DC@eyJkeW5hbWljIjp0cnVlLCJjb250ZW50IjoicG9zdF9saW5rX3VybF9wYWdlIiwic2V0dGluZ3MiOnsicG9zdF9pZCI6IjI0MjE1MSJ9fQ==@&#8220; url_new_window=&#8220;on&#8220; use_bg_overlay=&#8220;on&#8220; allow_player_pause=&#8220;on&#8220; _builder_version=&#8220;4.21.0&#8243; _dynamic_attributes=&#8220;button_link&#8220; _module_preset=&#8220;default&#8220; header_level=&#8220;h2&#8243; header_font=&#8220;Quador Regular|||on|||||&#8220; header_font_size=&#8220;23px&#8220; header_letter_spacing=&#8220;71px&#8220; body_font=&#8220;Quador Regular||||||||&#8220; background_color=&#8220;RGBA(255,255,255,0)&#8220; background_enable_color=&#8220;on&#8220; background_video_mp4=&#8220;https:\/\/www.danza-urbana.de\/traces\/wp-content\/uploads\/2023\/06\/video_traces.mp4&#8243; background_enable_video_mp4=&#8220;on&#8220; background_enable_video_webm=&#8220;off&#8220; button_alignment=&#8220;center&#8220; header_font_size_tablet=&#8220;&#8220; header_font_size_phone=&#8220;34px&#8220; header_font_size_last_edited=&#8220;on|phone&#8220; custom_css_main_element=&#8220;height:100vh;||width: 100% !important;||display:flex;||flex-direction: column;||align-items:center;||justify-content:center;&#8220; global_colors_info=&#8220;{}&#8220; sticky_transition=&#8220;on&#8220;][\/et_pb_slide][et_pb_slide heading=&#8220;Traces&#8220; button_link=&#8220;@ET-DC@eyJkeW5hbWljIjp0cnVlLCJjb250ZW50IjoicG9zdF9saW5rX3VybF9wYWdlIiwic2V0dGluZ3MiOnsicG9zdF9pZCI6IjI0MjE1MSJ9fQ==@&#8220; url_new_window=&#8220;on&#8220; use_bg_overlay=&#8220;on&#8220; allow_player_pause=&#8220;on&#8220; _builder_version=&#8220;4.21.0&#8243; _dynamic_attributes=&#8220;button_link&#8220; _module_preset=&#8220;default&#8220; header_level=&#8220;h2&#8243; header_font=&#8220;Quador Regular|||on|||||&#8220; header_font_size=&#8220;23px&#8220; header_letter_spacing=&#8220;71px&#8220; body_font=&#8220;Quador Regular||||||||&#8220; background_enable_color=&#8220;off&#8220; background_image=&#8220;https:\/\/www.danza-urbana.de\/traces\/wp-content\/uploads\/2023\/06\/02.jpg&#8220; background_enable_image=&#8220;on&#8220; background_enable_video_mp4=&#8220;off&#8220; background_enable_video_webm=&#8220;off&#8220; button_alignment=&#8220;center&#8220; header_font_size_tablet=&#8220;&#8220; header_font_size_phone=&#8220;34px&#8220; header_font_size_last_edited=&#8220;on|phone&#8220; custom_css_main_element=&#8220;height:100vh;||width: 100% !important;||display:flex;||flex-direction: column;||align-items:center;||justify-content:center;&#8220; global_colors_info=&#8220;{}&#8220; sticky_transition=&#8220;on&#8220;][\/et_pb_slide][et_pb_slide heading=&#8220;Traces&#8220; button_link=&#8220;@ET-DC@eyJkeW5hbWljIjp0cnVlLCJjb250ZW50IjoicG9zdF9saW5rX3VybF9wYWdlIiwic2V0dGluZ3MiOnsicG9zdF9pZCI6IjI0MjE1MSJ9fQ==@&#8220; url_new_window=&#8220;on&#8220; use_bg_overlay=&#8220;on&#8220; allow_player_pause=&#8220;on&#8220; _builder_version=&#8220;4.21.0&#8243; _dynamic_attributes=&#8220;button_link&#8220; _module_preset=&#8220;default&#8220; header_level=&#8220;h2&#8243; header_font=&#8220;Quador Regular|||on|||||&#8220; header_font_size=&#8220;23px&#8220; header_letter_spacing=&#8220;71px&#8220; body_font=&#8220;Quador Regular||||||||&#8220; background_enable_color=&#8220;off&#8220; background_image=&#8220;https:\/\/www.danza-urbana.de\/traces\/wp-content\/uploads\/2023\/06\/01.jpg&#8220; background_enable_image=&#8220;on&#8220; background_enable_video_mp4=&#8220;off&#8220; background_enable_video_webm=&#8220;off&#8220; button_alignment=&#8220;center&#8220; header_font_size_tablet=&#8220;&#8220; header_font_size_phone=&#8220;34px&#8220; header_font_size_last_edited=&#8220;on|phone&#8220; custom_css_main_element=&#8220;height:100vh;||width: 100% !important;||display:flex;||flex-direction: column;||align-items:center;||justify-content:center;&#8220; global_colors_info=&#8220;{}&#8220; sticky_transition=&#8220;on&#8220;][\/et_pb_slide][et_pb_slide heading=&#8220;Traces&#8220; button_link=&#8220;@ET-DC@eyJkeW5hbWljIjp0cnVlLCJjb250ZW50IjoicG9zdF9saW5rX3VybF9wYWdlIiwic2V0dGluZ3MiOnsicG9zdF9pZCI6IjI0MjE1MSJ9fQ==@&#8220; url_new_window=&#8220;on&#8220; use_bg_overlay=&#8220;on&#8220; allow_player_pause=&#8220;on&#8220; _builder_version=&#8220;4.21.0&#8243; _dynamic_attributes=&#8220;button_link&#8220; _module_preset=&#8220;default&#8220; header_level=&#8220;h2&#8243; header_font=&#8220;Quador Regular|||on|||||&#8220; header_font_size=&#8220;23px&#8220; header_letter_spacing=&#8220;71px&#8220; body_font=&#8220;Quador Regular||||||||&#8220; background_enable_color=&#8220;off&#8220; background_image=&#8220;https:\/\/www.danza-urbana.de\/traces\/wp-content\/uploads\/2023\/06\/04.jpg&#8220; background_enable_image=&#8220;on&#8220; background_enable_video_mp4=&#8220;off&#8220; background_enable_video_webm=&#8220;off&#8220; button_alignment=&#8220;center&#8220; header_font_size_tablet=&#8220;&#8220; header_font_size_phone=&#8220;34px&#8220; header_font_size_last_edited=&#8220;on|phone&#8220; custom_css_main_element=&#8220;height:100vh;||width: 100% !important;||display:flex;||flex-direction: column;||align-items:center;||justify-content:center;&#8220; global_colors_info=&#8220;{}&#8220; sticky_transition=&#8220;on&#8220;][\/et_pb_slide][et_pb_slide heading=&#8220;Traces&#8220; button_link=&#8220;@ET-DC@eyJkeW5hbWljIjp0cnVlLCJjb250ZW50IjoicG9zdF9saW5rX3VybF9wYWdlIiwic2V0dGluZ3MiOnsicG9zdF9pZCI6IjI0MjE1MSJ9fQ==@&#8220; url_new_window=&#8220;on&#8220; use_bg_overlay=&#8220;on&#8220; allow_player_pause=&#8220;on&#8220; _builder_version=&#8220;4.21.0&#8243; _dynamic_attributes=&#8220;button_link&#8220; _module_preset=&#8220;default&#8220; header_level=&#8220;h2&#8243; header_font=&#8220;Quador Regular|||on|||||&#8220; header_font_size=&#8220;23px&#8220; header_letter_spacing=&#8220;71px&#8220; body_font=&#8220;Quador Regular||||||||&#8220; background_enable_color=&#8220;off&#8220; background_image=&#8220;https:\/\/www.danza-urbana.de\/traces\/wp-content\/uploads\/2023\/06\/05.jpg&#8220; background_enable_image=&#8220;on&#8220; background_enable_video_mp4=&#8220;off&#8220; background_enable_video_webm=&#8220;off&#8220; button_alignment=&#8220;center&#8220; header_font_size_tablet=&#8220;&#8220; header_font_size_phone=&#8220;34px&#8220; header_font_size_last_edited=&#8220;on|phone&#8220; custom_css_main_element=&#8220;height:100vh;||width: 100% !important;||display:flex;||flex-direction: column;||align-items:center;||justify-content:center;&#8220; global_colors_info=&#8220;{}&#8220; sticky_transition=&#8220;on&#8220;][\/et_pb_slide][et_pb_slide heading=&#8220;Traces&#8220; button_link=&#8220;@ET-DC@eyJkeW5hbWljIjp0cnVlLCJjb250ZW50IjoicG9zdF9saW5rX3VybF9wYWdlIiwic2V0dGluZ3MiOnsicG9zdF9pZCI6IjI0MjE1MSJ9fQ==@&#8220; url_new_window=&#8220;on&#8220; use_bg_overlay=&#8220;on&#8220; allow_player_pause=&#8220;on&#8220; _builder_version=&#8220;4.21.0&#8243; _dynamic_attributes=&#8220;button_link&#8220; _module_preset=&#8220;default&#8220; header_level=&#8220;h2&#8243; header_font=&#8220;Quador Regular|||on|||||&#8220; header_font_size=&#8220;23px&#8220; header_letter_spacing=&#8220;71px&#8220; body_font=&#8220;Quador Regular||||||||&#8220; background_enable_color=&#8220;off&#8220; background_image=&#8220;https:\/\/www.danza-urbana.de\/traces\/wp-content\/uploads\/2023\/06\/06.jpg&#8220; background_enable_image=&#8220;on&#8220; background_enable_video_mp4=&#8220;off&#8220; background_enable_video_webm=&#8220;off&#8220; button_alignment=&#8220;center&#8220; header_font_size_tablet=&#8220;&#8220; header_font_size_phone=&#8220;34px&#8220; header_font_size_last_edited=&#8220;on|phone&#8220; custom_css_main_element=&#8220;height:100vh;||width: 100% !important;||display:flex;||flex-direction: column;||align-items:center;||justify-content:center;&#8220; global_colors_info=&#8220;{}&#8220; sticky_transition=&#8220;on&#8220;][\/et_pb_slide][\/et_pb_fullwidth_slider][\/et_pb_section][et_pb_section fb_built=&#8220;1&#8243; admin_label=&#8220;Samos&#8220; _builder_version=&#8220;4.21.0&#8243; background_color=&#8220;RGBA(255,255,255,0)&#8220; background_enable_image=&#8220;off&#8220; parallax=&#8220;on&#8220; parallax_method=&#8220;off&#8220; custom_margin_tablet=&#8220;&#8220; custom_margin_phone=&#8220;-71px||||false|false&#8220; custom_margin_last_edited=&#8220;on|phone&#8220; custom_padding=&#8220;||0px|||&#8220; locked=&#8220;off&#8220; collapsed=&#8220;on&#8220; global_colors_info=&#8220;{}&#8220;][et_pb_row column_structure=&#8220;1_2,1_2&#8243; _builder_version=&#8220;4.16&#8243; global_colors_info=&#8220;{}&#8220;][et_pb_column type=&#8220;1_2&#8243; _builder_version=&#8220;4.16&#8243; global_colors_info=&#8220;{}&#8220;][et_pb_image src=&#8220;https:\/\/www.danza-urbana.de\/traces\/wp-content\/uploads\/2023\/06\/03.jpg&#8220; title_text=&#8220;03&#8243; _builder_version=&#8220;4.21.0&#8243; box_shadow_style=&#8220;preset3&#8243; box_shadow_vertical=&#8220;80px&#8220; box_shadow_blur=&#8220;80px&#8220; box_shadow_spread=&#8220;-32px&#8220; box_shadow_color=&#8220;rgba(0,45,76,0.32)&#8220; global_colors_info=&#8220;{}&#8220;][\/et_pb_image][\/et_pb_column][et_pb_column type=&#8220;1_2&#8243; _builder_version=&#8220;4.16&#8243; custom_padding=&#8220;60px||60px||true|false&#8220; custom_padding_tablet=&#8220;0px||30px||false|false&#8220; custom_padding_phone=&#8220;&#8220; custom_padding_last_edited=&#8220;on|phone&#8220; global_colors_info=&#8220;{}&#8220;][et_pb_text _builder_version=&#8220;4.21.0&#8243; text_font=&#8220;Quador Regular||||||||&#8220; text_text_color=&#8220;rgba(85,101,112,0.8)&#8220; text_line_height=&#8220;1.8em&#8220; header_font=&#8220;Quador Regular||||||||&#8220; header_text_color=&#8220;#7F7F7F&#8220; header_2_font=&#8220;Quador Regular||||||||&#8220; header_2_text_color=&#8220;#000000&#8243; header_2_font_size=&#8220;56px&#8220; header_2_line_height=&#8220;1.1em&#8220; header_3_font=&#8220;Quador Regular|||on|||||&#8220; header_3_text_color=&#8220;#7F7F7F&#8220; header_3_font_size=&#8220;13px&#8220; header_3_letter_spacing=&#8220;3px&#8220; header_3_line_height=&#8220;1.4em&#8220; max_width=&#8220;36vw&#8220; max_width_tablet=&#8220;90%&#8220; max_width_phone=&#8220;100%&#8220; max_width_last_edited=&#8220;on|tablet&#8220; custom_margin=&#8220;-58px||2vw||false|false&#8220; text_font_size_tablet=&#8220;15px&#8220; text_font_size_phone=&#8220;14px&#8220; text_font_size_last_edited=&#8220;on|phone&#8220; header_2_font_size_tablet=&#8220;44px&#8220; header_2_font_size_phone=&#8220;32px&#8220; header_2_font_size_last_edited=&#8220;on|tablet&#8220; header_3_font_size_tablet=&#8220;13px&#8220; header_3_font_size_phone=&#8220;12px&#8220; header_3_font_size_last_edited=&#8220;on|phone&#8220; locked=&#8220;off&#8220; global_colors_info=&#8220;{}&#8220; header_2_2_font_size_phone=&#8220;32px&#8220; header_3_2_font_size_phone=&#8220;32px&#8220; header_4_2_font_size_phone=&#8220;32px&#8220; header_5_2_font_size_phone=&#8220;32px&#8220; header_6_2_font_size_phone=&#8220;32px&#8220; header_2_2_font_size_tablet=&#8220;44px&#8220; header_3_2_font_size_tablet=&#8220;44px&#8220; header_4_2_font_size_tablet=&#8220;44px&#8220; header_5_2_font_size_tablet=&#8220;44px&#8220; header_6_2_font_size_tablet=&#8220;44px&#8220; header_2_2_font_size_last_edited=&#8220;on|tablet&#8220; header_3_2_font_size_last_edited=&#8220;on|tablet&#8220; header_4_2_font_size_last_edited=&#8220;on|tablet&#8220; header_5_2_font_size_last_edited=&#8220;on|tablet&#8220; header_6_2_font_size_last_edited=&#8220;on|tablet&#8220;]<\/p>\n<h3>elizabeth Ladr\u00f3n de guevara<\/h3>\n<h2>Traces<\/h2>\n<p>[\/et_pb_text][et_pb_text _builder_version=&#8220;4.21.0&#8243; text_font=&#8220;Quador Regular||||||||&#8220; text_text_color=&#8220;#7F7F7F&#8220; text_font_size=&#8220;22px&#8220; text_line_height=&#8220;1.8em&#8220; header_font=&#8220;Playfair Display|700|||||||&#8220; header_text_color=&#8220;#002d4c&#8220; header_font_size=&#8220;10vw&#8220; header_3_font=&#8220;Cabin|700||on|||||&#8220; header_3_text_color=&#8220;#bd8f52&#8243; header_3_font_size=&#8220;13px&#8220; header_3_letter_spacing=&#8220;3px&#8220; header_3_line_height=&#8220;1.4em&#8220; max_width=&#8220;36vw&#8220; max_width_tablet=&#8220;90%&#8220; max_width_phone=&#8220;100%&#8220; max_width_last_edited=&#8220;on|tablet&#8220; text_font_size_tablet=&#8220;15px&#8220; text_font_size_phone=&#8220;13px&#8220; text_font_size_last_edited=&#8220;on|phone&#8220; locked=&#8220;off&#8220; global_colors_info=&#8220;{}&#8220;]<\/p>\n<p>Eine Recherche \u00fcber die Vermittlung von Tanzimprovisation in der eigenen p\u00e4dagogischen Arbeit.<\/p>\n<p>[\/et_pb_text][et_pb_text _builder_version=&#8220;4.21.0&#8243; text_font=&#8220;Quador Regular||||||||&#8220; text_text_color=&#8220;#7F7F7F&#8220; text_font_size=&#8220;16px&#8220; text_line_height=&#8220;1.8em&#8220; header_font=&#8220;Playfair Display|700|||||||&#8220; header_text_color=&#8220;#002d4c&#8220; header_font_size=&#8220;10vw&#8220; header_3_font=&#8220;Cabin|700||on|||||&#8220; header_3_text_color=&#8220;#bd8f52&#8243; header_3_font_size=&#8220;13px&#8220; header_3_letter_spacing=&#8220;3px&#8220; header_3_line_height=&#8220;1.4em&#8220; max_width=&#8220;36vw&#8220; max_width_tablet=&#8220;90%&#8220; max_width_phone=&#8220;100%&#8220; max_width_last_edited=&#8220;on|tablet&#8220; hover_enabled=&#8220;0&#8243; text_font_size_tablet=&#8220;15px&#8220; text_font_size_phone=&#8220;13px&#8220; text_font_size_last_edited=&#8220;on|phone&#8220; locked=&#8220;off&#8220; global_colors_info=&#8220;{}&#8220; sticky_enabled=&#8220;0&#8243;]<\/p>\n<p>In dieser Recherche habe ich Antworten auf folgende Fragen gefunden:<span class=\"Apple-converted-space\">\u00a0<\/span><\/p>\n<ul>\n<li>Welche Methoden gibt es, um Tanzimprovisation zu vermitteln?<\/li>\n<li>Wie beeinflusst Improvisation unsere K\u00f6rpersprache?<span class=\"Apple-converted-space\"><\/span><\/li>\n<li><span class=\"Apple-tab-span\"> <\/span>Warum ist es heutzutage wichtig, Improvisation im Tanzunterricht einzusetzen?<\/li>\n<\/ul>\n<p><span>Auf Grundlage dieser Recherche habe ich eine Guideline mit einer Abfolge von Aufgaben entwickelt, die im Tanzimprovisationsunterricht verwendbar sind. Hier die <\/span><a href=\"https:\/\/www.danza-urbana.de\/traces\/wp-content\/uploads\/2023\/07\/Traces_Guideline_Dance_Improvisation-by_ELDG_23-.pdf\" target=\"_blank\" rel=\"noopener\">Anleitung<\/a><span>\u00a0<\/span><span style=\"font-size: medium;\">&lt;Traces A Guideline for Dance Improvisation Classes&gt;<\/span><span>\u00a0<\/span><span>\u00a0<\/span><span>(kurze Version in englisch) als PDF.<\/span><\/p>\n<p>Zusammenarbeit:<br \/>Ich biete Tanzimprovisation Workshops f\u00fcr Tanzp\u00e4dagogin und Tanzstudierenden, die daran interessiert sind, sich in diesem Bereich zu entwickeln. Bei der Teilnahme am Workshop bekommt ihr eine digitale Brosch\u00fcre mit \u00dcbungen.<span class=\"Apple-converted-space\">\u00a0<\/span><\/p>\n<p>Mitmachen: Traces | Dance Improvisation Workshop<span class=\"Apple-converted-space\">\u00a0<\/span><\/p>\n<p>Termine 09 | 16 &amp; 23 Juni 2023 weitere Infos hier (PDF Flyer)<\/p>\n<p>Bei Interesse, melde Dich unter: info@danza-urbana.de<\/p>\n<p>[\/et_pb_text][et_pb_text _builder_version=&#8220;4.21.0&#8243; text_font=&#8220;Arial||||||||&#8220; text_text_color=&#8220;#7F7F7F&#8220; text_font_size=&#8220;16px&#8220; text_line_height=&#8220;1.8em&#8220; header_font=&#8220;Playfair Display|700|||||||&#8220; header_text_color=&#8220;#002d4c&#8220; header_font_size=&#8220;10vw&#8220; header_3_font=&#8220;Cabin|700||on|||||&#8220; header_3_text_color=&#8220;#bd8f52&#8243; header_3_font_size=&#8220;13px&#8220; header_3_letter_spacing=&#8220;3px&#8220; header_3_line_height=&#8220;1.4em&#8220; max_width=&#8220;36vw&#8220; max_width_tablet=&#8220;90%&#8220; max_width_phone=&#8220;100%&#8220; max_width_last_edited=&#8220;on|tablet&#8220; custom_padding=&#8220;||0px|||&#8220; text_font_size_tablet=&#8220;15px&#8220; text_font_size_phone=&#8220;13px&#8220; text_font_size_last_edited=&#8220;on|phone&#8220; locked=&#8220;off&#8220; global_colors_info=&#8220;{}&#8220;]<\/p>\n<p>Fotos Credits T\u00e4nzerinnen: Giorgia Varano, Friscarlin Constance und Luisa Rivas.<\/p>\n<p>\u201eGef\u00f6rdert durch die Beauftragte der Bundesregierung f\u00fcr Kultur und Medien im Programm NEUSTART KULTUR, Hilfsprogramm DIS-TANZEN des Dachverband Tanz Deutschland\u201c.<\/p>\n<p>&nbsp;<\/p>\n<p>[\/et_pb_text][et_pb_image src=&#8220;https:\/\/www.danza-urbana.de\/traces\/wp-content\/uploads\/2023\/07\/logoleiste.png&#8220; title_text=&#8220;logoleiste&#8220; _builder_version=&#8220;4.21.0&#8243; _module_preset=&#8220;default&#8220; global_colors_info=&#8220;{}&#8220;][\/et_pb_image][\/et_pb_column][\/et_pb_row][\/et_pb_section][et_pb_section fb_built=&#8220;1&#8243; admin_label=&#8220;Samos&#8220; _builder_version=&#8220;4.21.0&#8243; background_color=&#8220;RGBA(255,255,255,0)&#8220; background_enable_image=&#8220;off&#8220; parallax=&#8220;on&#8220; parallax_method=&#8220;off&#8220; custom_margin_tablet=&#8220;&#8220; custom_margin_phone=&#8220;-71px||||false|false&#8220; custom_margin_last_edited=&#8220;on|phone&#8220; custom_padding=&#8220;||0px|||&#8220; locked=&#8220;off&#8220; collapsed=&#8220;off&#8220; global_colors_info=&#8220;{}&#8220;][et_pb_row _builder_version=&#8220;4.16&#8243; global_colors_info=&#8220;{}&#8220;][et_pb_column type=&#8220;4_4&#8243; _builder_version=&#8220;4.16&#8243; global_colors_info=&#8220;{}&#8220;][et_pb_text _builder_version=&#8220;4.21.0&#8243; text_font=&#8220;Arial||||||||&#8220; text_text_color=&#8220;#7F7F7F&#8220; text_font_size=&#8220;16px&#8220; text_line_height=&#8220;1.8em&#8220; header_font=&#8220;Playfair Display|700|||||||&#8220; header_text_color=&#8220;#002d4c&#8220; header_font_size=&#8220;10vw&#8220; header_3_font=&#8220;Cabin|700||on|||||&#8220; header_3_text_color=&#8220;#bd8f52&#8243; header_3_font_size=&#8220;13px&#8220; header_3_letter_spacing=&#8220;3px&#8220; header_3_line_height=&#8220;1.4em&#8220; max_width=&#8220;36vw&#8220; max_width_tablet=&#8220;90%&#8220; max_width_phone=&#8220;100%&#8220; max_width_last_edited=&#8220;on|tablet&#8220; text_font_size_tablet=&#8220;15px&#8220; text_font_size_phone=&#8220;13px&#8220; text_font_size_last_edited=&#8220;on|phone&#8220; locked=&#8220;off&#8220; global_colors_info=&#8220;{}&#8220;]<\/p>\n<p><a href=\"https:\/\/www.danza-urbana.de\/ensemble.html#kontakt\">Impressum<\/a><\/p>\n<p>[\/et_pb_text][\/et_pb_column][\/et_pb_row][\/et_pb_section]<\/p>\n","protected":false},"excerpt":{"rendered":"<p>elizabeth Ladr\u00f3n de guevara TracesEine Recherche \u00fcber die Vermittlung von Tanzimprovisation in der eigenen p\u00e4dagogischen Arbeit.In dieser Recherche habe ich Antworten auf folgende Fragen gefunden:\u00a0 Welche Methoden gibt es, um Tanzimprovisation zu vermitteln? Wie beeinflusst Improvisation unsere K\u00f6rpersprache? Warum ist es heutzutage wichtig, Improvisation im Tanzunterricht einzusetzen? Auf Grundlage dieser Recherche habe ich eine Guideline [&hellip;]<\/p>\n","protected":false},"author":1,"featured_media":0,"parent":0,"menu_order":0,"comment_status":"closed","ping_status":"closed","template":"","meta":{"_et_pb_use_builder":"on","_et_pb_old_content":"","_et_gb_content_width":"","footnotes":""},"class_list":["post-8","page","type-page","status-publish","hentry"],"_links":{"self":[{"href":"https:\/\/www.danza-urbana.de\/traces\/wp-json\/wp\/v2\/pages\/8","targetHints":{"allow":["GET"]}}],"collection":[{"href":"https:\/\/www.danza-urbana.de\/traces\/wp-json\/wp\/v2\/pages"}],"about":[{"href":"https:\/\/www.danza-urbana.de\/traces\/wp-json\/wp\/v2\/types\/page"}],"author":[{"embeddable":true,"href":"https:\/\/www.danza-urbana.de\/traces\/wp-json\/wp\/v2\/users\/1"}],"replies":[{"embeddable":true,"href":"https:\/\/www.danza-urbana.de\/traces\/wp-json\/wp\/v2\/comments?post=8"}],"version-history":[{"count":23,"href":"https:\/\/www.danza-urbana.de\/traces\/wp-json\/wp\/v2\/pages\/8\/revisions"}],"predecessor-version":[{"id":103,"href":"https:\/\/www.danza-urbana.de\/traces\/wp-json\/wp\/v2\/pages\/8\/revisions\/103"}],"wp:attachment":[{"href":"https:\/\/www.danza-urbana.de\/traces\/wp-json\/wp\/v2\/media?parent=8"}],"curies":[{"name":"wp","href":"https:\/\/api.w.org\/{rel}","templated":true}]}}